{"id":23,"date":"2024-04-18T11:01:42","date_gmt":"2024-04-18T09:01:42","guid":{"rendered":"https:\/\/a67885.mguro.sde.dk\/?page_id=23"},"modified":"2024-04-19T09:08:39","modified_gmt":"2024-04-19T07:08:39","slug":"forside","status":"publish","type":"page","link":"https:\/\/a67885.mguro.sde.dk\/","title":{"rendered":"Forside"},"content":{"rendered":"\t\t<div data-elementor-type=\"wp-page\" data-elementor-id=\"23\" class=\"elementor elementor-23\">\n\t\t\t\t<div class=\"elementor-element elementor-element-3a6ae1d e-flex e-con-boxed e-con e-parent\" data-id=\"3a6ae1d\" data-element_type=\"container\">\n\t\t\t\t\t<div class=\"e-con-inner\">\n\t\t\t\t\t<\/div>\n\t\t\t\t<\/div>\n\t\t<div class=\"elementor-element elementor-element-e101eda e-flex e-con-boxed e-con e-parent\" data-id=\"e101eda\" data-element_type=\"container\">\n\t\t\t\t\t<div class=\"e-con-inner\">\n\t\t<div class=\"elementor-element elementor-element-46b5601 e-con-full e-flex e-con e-child\" data-id=\"46b5601\" data-element_type=\"container\">\n\t\t\t\t<div class=\"elementor-element elementor-element-3ccb858 elementor-widget elementor-widget-image\" data-id=\"3ccb858\" data-element_type=\"widget\" data-widget_type=\"image.default\">\n\t\t\t\t<div class=\"elementor-widget-container\">\n\t\t\t<style>\/*! elementor - v3.21.0 - 18-04-2024 *\/\n.elementor-widget-image{text-align:center}.elementor-widget-image a{display:inline-block}.elementor-widget-image a img[src$=\".svg\"]{width:48px}.elementor-widget-image img{vertical-align:middle;display:inline-block}<\/style>\t\t\t\t\t\t\t<figure class=\"wp-caption\">\n\t\t\t\t\t\t\t\t\t\t<img fetchpriority=\"high\" decoding=\"async\" width=\"1024\" height=\"754\" src=\"https:\/\/a67885.mguro.sde.dk\/wp-content\/uploads\/2024\/04\/received_1356362158404254-1-1024x754.jpeg\" class=\"attachment-large size-large wp-image-25\" alt=\"\" srcset=\"https:\/\/a67885.mguro.sde.dk\/wp-content\/uploads\/2024\/04\/received_1356362158404254-1-1024x754.jpeg 1024w, https:\/\/a67885.mguro.sde.dk\/wp-content\/uploads\/2024\/04\/received_1356362158404254-1-300x221.jpeg 300w, https:\/\/a67885.mguro.sde.dk\/wp-content\/uploads\/2024\/04\/received_1356362158404254-1-768x565.jpeg 768w, https:\/\/a67885.mguro.sde.dk\/wp-content\/uploads\/2024\/04\/received_1356362158404254-1.jpeg 1530w\" sizes=\"(max-width: 1024px) 100vw, 1024px\" \/>\t\t\t\t\t\t\t\t\t\t\t<figcaption class=\"widget-image-caption wp-caption-text\"><\/figcaption>\n\t\t\t\t\t\t\t\t\t\t<\/figure>\n\t\t\t\t\t\t\t<\/div>\n\t\t\t\t<\/div>\n\t\t\t\t<\/div>\n\t\t<div class=\"elementor-element elementor-element-7859b1b e-con-full e-flex e-con e-child\" data-id=\"7859b1b\" data-element_type=\"container\">\n\t\t<div class=\"elementor-element elementor-element-03867c7 e-flex e-con-boxed e-con e-child\" data-id=\"03867c7\" data-element_type=\"container\">\n\t\t\t\t\t<div class=\"e-con-inner\">\n\t\t\t\t<div class=\"elementor-element elementor-element-06f3463 elementor-widget elementor-widget-heading\" data-id=\"06f3463\" data-element_type=\"widget\" data-widget_type=\"heading.default\">\n\t\t\t\t<div class=\"elementor-widget-container\">\n\t\t\t<style>\/*! elementor - v3.21.0 - 18-04-2024 *\/\n.elementor-heading-title{padding:0;margin:0;line-height:1}.elementor-widget-heading .elementor-heading-title[class*=elementor-size-]>a{color:inherit;font-size:inherit;line-height:inherit}.elementor-widget-heading .elementor-heading-title.elementor-size-small{font-size:15px}.elementor-widget-heading .elementor-heading-title.elementor-size-medium{font-size:19px}.elementor-widget-heading .elementor-heading-title.elementor-size-large{font-size:29px}.elementor-widget-heading .elementor-heading-title.elementor-size-xl{font-size:39px}.elementor-widget-heading .elementor-heading-title.elementor-size-xxl{font-size:59px}<\/style><h2 class=\"elementor-heading-title elementor-size-default\">HEJ, JEG MANGLER S\u00e5 DESPERAT EN L\u00c6RERPLADS. PLEEEEEEASE HYR MIG!<\/h2>\t\t<\/div>\n\t\t\t\t<\/div>\n\t\t\t\t\t<\/div>\n\t\t\t\t<\/div>\n\t\t<div class=\"elementor-element elementor-element-52a1285 e-flex e-con-boxed e-con e-child\" data-id=\"52a1285\" data-element_type=\"container\">\n\t\t\t\t\t<div class=\"e-con-inner\">\n\t\t\t\t<div class=\"elementor-element elementor-element-df0fd6a elementor-widget elementor-widget-text-editor\" data-id=\"df0fd6a\" data-element_type=\"widget\" data-widget_type=\"text-editor.default\">\n\t\t\t\t<div class=\"elementor-widget-container\">\n\t\t\t<style>\/*! elementor - v3.21.0 - 18-04-2024 *\/\n.elementor-widget-text-editor.elementor-drop-cap-view-stacked .elementor-drop-cap{background-color:#69727d;color:#fff}.elementor-widget-text-editor.elementor-drop-cap-view-framed .elementor-drop-cap{color:#69727d;border:3px solid;background-color:transparent}.elementor-widget-text-editor:not(.elementor-drop-cap-view-default) .elementor-drop-cap{margin-top:8px}.elementor-widget-text-editor:not(.elementor-drop-cap-view-default) .elementor-drop-cap-letter{width:1em;height:1em}.elementor-widget-text-editor .elementor-drop-cap{float:left;text-align:center;line-height:1;font-size:50px}.elementor-widget-text-editor .elementor-drop-cap-letter{display:inline-block}<\/style>\t\t\t\t<p>Pleasepleasepleaseplease, jeg er nede p\u00e5 min kn\u00e6 her.<\/p>\t\t\t\t\t\t<\/div>\n\t\t\t\t<\/div>\n\t\t\t\t\t<\/div>\n\t\t\t\t<\/div>\n\t\t\t\t<\/div>\n\t\t\t\t\t<\/div>\n\t\t\t\t<\/div>\n\t\t<div class=\"elementor-element elementor-element-f27f7de e-flex e-con-boxed e-con e-parent\" data-id=\"f27f7de\" data-element_type=\"container\">\n\t\t\t\t\t<div class=\"e-con-inner\">\n\t\t\t\t<div class=\"elementor-element elementor-element-f89754e elementor-widget-divider--view-line elementor-widget elementor-widget-divider\" data-id=\"f89754e\" data-element_type=\"widget\" data-widget_type=\"divider.default\">\n\t\t\t\t<div class=\"elementor-widget-container\">\n\t\t\t<style>\/*! elementor - v3.21.0 - 18-04-2024 *\/\n.elementor-widget-divider{--divider-border-style:none;--divider-border-width:1px;--divider-color:#0c0d0e;--divider-icon-size:20px;--divider-element-spacing:10px;--divider-pattern-height:24px;--divider-pattern-size:20px;--divider-pattern-url:none;--divider-pattern-repeat:repeat-x}.elementor-widget-divider .elementor-divider{display:flex}.elementor-widget-divider .elementor-divider__text{font-size:15px;line-height:1;max-width:95%}.elementor-widget-divider .elementor-divider__element{margin:0 var(--divider-element-spacing);flex-shrink:0}.elementor-widget-divider .elementor-icon{font-size:var(--divider-icon-size)}.elementor-widget-divider .elementor-divider-separator{display:flex;margin:0;direction:ltr}.elementor-widget-divider--view-line_icon .elementor-divider-separator,.elementor-widget-divider--view-line_text .elementor-divider-separator{align-items:center}.elementor-widget-divider--view-line_icon .elementor-divider-separator:after,.elementor-widget-divider--view-line_icon .elementor-divider-separator:before,.elementor-widget-divider--view-line_text .elementor-divider-separator:after,.elementor-widget-divider--view-line_text .elementor-divider-separator:before{display:block;content:\"\";border-block-end:0;flex-grow:1;border-block-start:var(--divider-border-width) var(--divider-border-style) var(--divider-color)}.elementor-widget-divider--element-align-left .elementor-divider .elementor-divider-separator>.elementor-divider__svg:first-of-type{flex-grow:0;flex-shrink:100}.elementor-widget-divider--element-align-left .elementor-divider-separator:before{content:none}.elementor-widget-divider--element-align-left .elementor-divider__element{margin-left:0}.elementor-widget-divider--element-align-right .elementor-divider .elementor-divider-separator>.elementor-divider__svg:last-of-type{flex-grow:0;flex-shrink:100}.elementor-widget-divider--element-align-right .elementor-divider-separator:after{content:none}.elementor-widget-divider--element-align-right .elementor-divider__element{margin-right:0}.elementor-widget-divider--element-align-start .elementor-divider .elementor-divider-separator>.elementor-divider__svg:first-of-type{flex-grow:0;flex-shrink:100}.elementor-widget-divider--element-align-start .elementor-divider-separator:before{content:none}.elementor-widget-divider--element-align-start .elementor-divider__element{margin-inline-start:0}.elementor-widget-divider--element-align-end .elementor-divider .elementor-divider-separator>.elementor-divider__svg:last-of-type{flex-grow:0;flex-shrink:100}.elementor-widget-divider--element-align-end .elementor-divider-separator:after{content:none}.elementor-widget-divider--element-align-end .elementor-divider__element{margin-inline-end:0}.elementor-widget-divider:not(.elementor-widget-divider--view-line_text):not(.elementor-widget-divider--view-line_icon) .elementor-divider-separator{border-block-start:var(--divider-border-width) var(--divider-border-style) var(--divider-color)}.elementor-widget-divider--separator-type-pattern{--divider-border-style:none}.elementor-widget-divider--separator-type-pattern.elementor-widget-divider--view-line .elementor-divider-separator,.elementor-widget-divider--separator-type-pattern:not(.elementor-widget-divider--view-line) .elementor-divider-separator:after,.elementor-widget-divider--separator-type-pattern:not(.elementor-widget-divider--view-line) .elementor-divider-separator:before,.elementor-widget-divider--separator-type-pattern:not([class*=elementor-widget-divider--view]) .elementor-divider-separator{width:100%;min-height:var(--divider-pattern-height);-webkit-mask-size:var(--divider-pattern-size) 100%;mask-size:var(--divider-pattern-size) 100%;-webkit-mask-repeat:var(--divider-pattern-repeat);mask-repeat:var(--divider-pattern-repeat);background-color:var(--divider-color);-webkit-mask-image:var(--divider-pattern-url);mask-image:var(--divider-pattern-url)}.elementor-widget-divider--no-spacing{--divider-pattern-size:auto}.elementor-widget-divider--bg-round{--divider-pattern-repeat:round}.rtl .elementor-widget-divider .elementor-divider__text{direction:rtl}.e-con-inner>.elementor-widget-divider,.e-con>.elementor-widget-divider{width:var(--container-widget-width,100%);--flex-grow:var(--container-widget-flex-grow)}<\/style>\t\t<div class=\"elementor-divider\">\n\t\t\t<span class=\"elementor-divider-separator\">\n\t\t\t\t\t\t<\/span>\n\t\t<\/div>\n\t\t\t\t<\/div>\n\t\t\t\t<\/div>\n\t\t\t\t\t<\/div>\n\t\t\t\t<\/div>\n\t\t<div class=\"elementor-element elementor-element-f627604 e-flex e-con-boxed e-con e-parent\" data-id=\"f627604\" data-element_type=\"container\">\n\t\t\t\t\t<div class=\"e-con-inner\">\n\t\t<div class=\"elementor-element elementor-element-6476bb9 e-con-full e-flex e-con e-child\" data-id=\"6476bb9\" data-element_type=\"container\">\n\t\t\t\t<div class=\"elementor-element elementor-element-961395d elementor-widget elementor-widget-image\" data-id=\"961395d\" data-element_type=\"widget\" data-widget_type=\"image.default\">\n\t\t\t\t<div class=\"elementor-widget-container\">\n\t\t\t\t\t\t\t\t\t\t\t\t\t<img decoding=\"async\" width=\"1024\" height=\"1024\" src=\"https:\/\/a67885.mguro.sde.dk\/wp-content\/uploads\/2024\/04\/vuk-min-1024x1024.jpg\" class=\"attachment-large size-large wp-image-41\" alt=\"\" srcset=\"https:\/\/a67885.mguro.sde.dk\/wp-content\/uploads\/2024\/04\/vuk-min-1024x1024.jpg 1024w, https:\/\/a67885.mguro.sde.dk\/wp-content\/uploads\/2024\/04\/vuk-min-300x300.jpg 300w, https:\/\/a67885.mguro.sde.dk\/wp-content\/uploads\/2024\/04\/vuk-min-150x150.jpg 150w, https:\/\/a67885.mguro.sde.dk\/wp-content\/uploads\/2024\/04\/vuk-min-768x768.jpg 768w, https:\/\/a67885.mguro.sde.dk\/wp-content\/uploads\/2024\/04\/vuk-min-1536x1536.jpg 1536w, https:\/\/a67885.mguro.sde.dk\/wp-content\/uploads\/2024\/04\/vuk-min-2048x2048.jpg 2048w\" sizes=\"(max-width: 1024px) 100vw, 1024px\" \/>\t\t\t\t\t\t\t\t\t\t\t\t\t<\/div>\n\t\t\t\t<\/div>\n\t\t\t\t<\/div>\n\t\t<div class=\"elementor-element elementor-element-8f54963 e-con-full e-flex e-con e-child\" data-id=\"8f54963\" data-element_type=\"container\">\n\t\t<div class=\"elementor-element elementor-element-9a005ee e-flex e-con-boxed e-con e-child\" data-id=\"9a005ee\" data-element_type=\"container\">\n\t\t\t\t\t<div class=\"e-con-inner\">\n\t\t\t\t<div class=\"elementor-element elementor-element-851c4fe elementor-widget elementor-widget-heading\" data-id=\"851c4fe\" data-element_type=\"widget\" data-widget_type=\"heading.default\">\n\t\t\t\t<div class=\"elementor-widget-container\">\n\t\t\t<h2 class=\"elementor-heading-title elementor-size-default\">Hej, mit navn er Vuk. Gi' mig en l\u00e6rerplads.<\/h2>\t\t<\/div>\n\t\t\t\t<\/div>\n\t\t\t\t\t<\/div>\n\t\t\t\t<\/div>\n\t\t<div class=\"elementor-element elementor-element-50039e8 e-flex e-con-boxed e-con e-child\" data-id=\"50039e8\" data-element_type=\"container\">\n\t\t\t\t\t<div class=\"e-con-inner\">\n\t\t\t\t<div class=\"elementor-element elementor-element-73bd0f2 elementor-widget elementor-widget-text-editor\" data-id=\"73bd0f2\" data-element_type=\"widget\" data-widget_type=\"text-editor.default\">\n\t\t\t\t<div class=\"elementor-widget-container\">\n\t\t\t\t\t\t\t<p>F\u00f8ler du ikke selv du mangler en Vuk p\u00e5 din arbejdsplads? Jeg f\u00f8ler du mangler du mangler en Vuk p\u00e5 din arbejdsplads.<\/p><p>\u00a0<\/p><p>Kontakt:<br \/>vuk-vasic@hotmail.com<br \/>+45 42 56 01 62<\/p>\t\t\t\t\t\t<\/div>\n\t\t\t\t<\/div>\n\t\t\t\t\t<\/div>\n\t\t\t\t<\/div>\n\t\t\t\t<\/div>\n\t\t\t\t\t<\/div>\n\t\t\t\t<\/div>\n\t\t<div class=\"elementor-element elementor-element-7fb0d1f e-flex e-con-boxed e-con e-parent\" data-id=\"7fb0d1f\" data-element_type=\"container\">\n\t\t\t\t\t<div class=\"e-con-inner\">\n\t\t\t\t<div class=\"elementor-element elementor-element-5517668 elementor-widget-divider--view-line elementor-widget elementor-widget-divider\" data-id=\"5517668\" data-element_type=\"widget\" data-widget_type=\"divider.default\">\n\t\t\t\t<div class=\"elementor-widget-container\">\n\t\t\t\t\t<div class=\"elementor-divider\">\n\t\t\t<span class=\"elementor-divider-separator\">\n\t\t\t\t\t\t<\/span>\n\t\t<\/div>\n\t\t\t\t<\/div>\n\t\t\t\t<\/div>\n\t\t\t\t<div class=\"elementor-element elementor-element-79ae2ce elementor-widget elementor-widget-heading\" data-id=\"79ae2ce\" data-element_type=\"widget\" data-widget_type=\"heading.default\">\n\t\t\t\t<div class=\"elementor-widget-container\">\n\t\t\t<h2 class=\"elementor-heading-title elementor-size-default\">HER ER MINE V\u00c6RKER! HAR JEG N\u00c6VNT AT JEG MANGLER EN L\u00c6RERPLADS!?<\/h2>\t\t<\/div>\n\t\t\t\t<\/div>\n\t\t\t\t\t<\/div>\n\t\t\t\t<\/div>\n\t\t<div class=\"elementor-element elementor-element-2c19497 e-flex e-con-boxed e-con e-parent\" data-id=\"2c19497\" data-element_type=\"container\">\n\t\t\t\t\t<div class=\"e-con-inner\">\n\t\t<div class=\"elementor-element elementor-element-0642a23 e-con-full e-flex e-con e-child\" data-id=\"0642a23\" data-element_type=\"container\">\n\t\t\t\t<div class=\"elementor-element elementor-element-e466391 elementor-widget elementor-widget-image\" data-id=\"e466391\" data-element_type=\"widget\" data-widget_type=\"image.default\">\n\t\t\t\t<div class=\"elementor-widget-container\">\n\t\t\t\t\t\t\t\t\t\t\t\t\t<img decoding=\"async\" width=\"724\" height=\"1024\" src=\"https:\/\/a67885.mguro.sde.dk\/wp-content\/uploads\/2024\/04\/sfplakat33-724x1024.jpg\" class=\"attachment-large size-large wp-image-12\" alt=\"\" srcset=\"https:\/\/a67885.mguro.sde.dk\/wp-content\/uploads\/2024\/04\/sfplakat33-724x1024.jpg 724w, https:\/\/a67885.mguro.sde.dk\/wp-content\/uploads\/2024\/04\/sfplakat33-212x300.jpg 212w, https:\/\/a67885.mguro.sde.dk\/wp-content\/uploads\/2024\/04\/sfplakat33-768x1086.jpg 768w, https:\/\/a67885.mguro.sde.dk\/wp-content\/uploads\/2024\/04\/sfplakat33.jpg 842w\" sizes=\"(max-width: 724px) 100vw, 724px\" \/>\t\t\t\t\t\t\t\t\t\t\t\t\t<\/div>\n\t\t\t\t<\/div>\n\t\t\t\t<\/div>\n\t\t<div class=\"elementor-element elementor-element-94784f7 e-con-full e-flex e-con e-child\" data-id=\"94784f7\" data-element_type=\"container\">\n\t\t\t\t<div class=\"elementor-element elementor-element-190b779 elementor-widget elementor-widget-image\" data-id=\"190b779\" data-element_type=\"widget\" data-widget_type=\"image.default\">\n\t\t\t\t<div class=\"elementor-widget-container\">\n\t\t\t\t\t\t\t\t\t\t\t\t\t<img loading=\"lazy\" decoding=\"async\" width=\"724\" height=\"1024\" src=\"https:\/\/a67885.mguro.sde.dk\/wp-content\/uploads\/2024\/04\/sfplakat3-724x1024.jpg\" class=\"attachment-large size-large wp-image-11\" alt=\"\" srcset=\"https:\/\/a67885.mguro.sde.dk\/wp-content\/uploads\/2024\/04\/sfplakat3-724x1024.jpg 724w, https:\/\/a67885.mguro.sde.dk\/wp-content\/uploads\/2024\/04\/sfplakat3-212x300.jpg 212w, https:\/\/a67885.mguro.sde.dk\/wp-content\/uploads\/2024\/04\/sfplakat3-768x1086.jpg 768w, https:\/\/a67885.mguro.sde.dk\/wp-content\/uploads\/2024\/04\/sfplakat3.jpg 842w\" sizes=\"(max-width: 724px) 100vw, 724px\" \/>\t\t\t\t\t\t\t\t\t\t\t\t\t<\/div>\n\t\t\t\t<\/div>\n\t\t\t\t<\/div>\n\t\t<div class=\"elementor-element elementor-element-73c0a7c e-con-full e-flex e-con e-child\" data-id=\"73c0a7c\" data-element_type=\"container\">\n\t\t\t\t<div class=\"elementor-element elementor-element-5e976fd elementor-widget elementor-widget-image\" data-id=\"5e976fd\" data-element_type=\"widget\" data-widget_type=\"image.default\">\n\t\t\t\t<div class=\"elementor-widget-container\">\n\t\t\t\t\t\t\t\t\t\t\t\t\t<img loading=\"lazy\" decoding=\"async\" width=\"539\" height=\"765\" src=\"https:\/\/a67885.mguro.sde.dk\/wp-content\/uploads\/2024\/04\/groen_magazine2.png\" class=\"attachment-large size-large wp-image-9\" alt=\"\" srcset=\"https:\/\/a67885.mguro.sde.dk\/wp-content\/uploads\/2024\/04\/groen_magazine2.png 539w, https:\/\/a67885.mguro.sde.dk\/wp-content\/uploads\/2024\/04\/groen_magazine2-211x300.png 211w\" sizes=\"(max-width: 539px) 100vw, 539px\" \/>\t\t\t\t\t\t\t\t\t\t\t\t\t<\/div>\n\t\t\t\t<\/div>\n\t\t\t\t<\/div>\n\t\t<div class=\"elementor-element elementor-element-958de2e e-con-full e-flex e-con e-child\" data-id=\"958de2e\" data-element_type=\"container\">\n\t\t\t\t<div class=\"elementor-element elementor-element-e580036 elementor-widget elementor-widget-image\" data-id=\"e580036\" data-element_type=\"widget\" data-widget_type=\"image.default\">\n\t\t\t\t<div class=\"elementor-widget-container\">\n\t\t\t\t\t\t\t\t\t\t\t\t\t<img loading=\"lazy\" decoding=\"async\" width=\"724\" height=\"1024\" src=\"https:\/\/a67885.mguro.sde.dk\/wp-content\/uploads\/2024\/04\/vukvasic-poster-724x1024.jpg\" class=\"attachment-large size-large wp-image-36\" alt=\"\" srcset=\"https:\/\/a67885.mguro.sde.dk\/wp-content\/uploads\/2024\/04\/vukvasic-poster-724x1024.jpg 724w, https:\/\/a67885.mguro.sde.dk\/wp-content\/uploads\/2024\/04\/vukvasic-poster-212x300.jpg 212w, https:\/\/a67885.mguro.sde.dk\/wp-content\/uploads\/2024\/04\/vukvasic-poster-768x1086.jpg 768w, https:\/\/a67885.mguro.sde.dk\/wp-content\/uploads\/2024\/04\/vukvasic-poster.jpg 842w\" sizes=\"(max-width: 724px) 100vw, 724px\" \/>\t\t\t\t\t\t\t\t\t\t\t\t\t<\/div>\n\t\t\t\t<\/div>\n\t\t\t\t<\/div>\n\t\t\t\t\t<\/div>\n\t\t\t\t<\/div>\n\t\t<div class=\"elementor-element elementor-element-aa288ed e-flex e-con-boxed e-con e-parent\" data-id=\"aa288ed\" data-element_type=\"container\">\n\t\t\t\t\t<div class=\"e-con-inner\">\n\t\t<div class=\"elementor-element elementor-element-fd8de9d e-flex e-con-boxed e-con e-child\" data-id=\"fd8de9d\" data-element_type=\"container\">\n\t\t\t\t\t<div class=\"e-con-inner\">\n\t\t\t\t\t<\/div>\n\t\t\t\t<\/div>\n\t\t\t\t\t<\/div>\n\t\t\t\t<\/div>\n\t\t\t\t<\/div>\n\t\t","protected":false},"excerpt":{"rendered":"<p>HEJ, JEG MANGLER S\u00e5 DESPERAT EN L\u00c6RERPLADS. PLEEEEEEASE HYR MIG! Pleasepleasepleaseplease, jeg er nede p\u00e5 min kn\u00e6 her. Hej, mit [&hellip;]<\/p>\n","protected":false},"author":1,"featured_media":0,"parent":0,"menu_order":0,"comment_status":"closed","ping_status":"closed","template":"","meta":{"site-sidebar-layout":"no-sidebar","site-content-layout":"","ast-site-content-layout":"full-width-container","site-content-style":"default","site-sidebar-style":"default","ast-global-header-display":"","ast-banner-title-visibility":"","ast-main-header-display":"","ast-hfb-above-header-display":"","ast-hfb-below-header-display":"","ast-hfb-mobile-header-display":"","site-post-title":"disabled","ast-breadcrumbs-content":"","ast-featured-img":"disabled","footer-sml-layout":"","theme-transparent-header-meta":"","adv-header-id-meta":"","stick-header-meta":"","header-above-stick-meta":"","header-main-stick-meta":"","header-below-stick-meta":"","astra-migrate-meta-layouts":"default","ast-page-background-enabled":"default","ast-page-background-meta":{"desktop":{"background-color":"var(--ast-global-color-4)","background-image":"","background-repeat":"repeat","background-position":"center center","background-size":"auto","background-attachment":"scroll","background-type":"","background-media":"","overlay-type":"","overlay-color":"","overlay-gradient":""},"tablet":{"background-color":"","background-image":"","background-repeat":"repeat","background-position":"center center","background-size":"auto","background-attachment":"scroll","background-type":"","background-media":"","overlay-type":"","overlay-color":"","overlay-gradient":""},"mobile":{"background-color":"","background-image":"","background-repeat":"repeat","background-position":"center center","background-size":"auto","background-attachment":"scroll","background-type":"","background-media":"","overlay-type":"","overlay-color":"","overlay-gradient":""}},"ast-content-background-meta":{"desktop":{"background-color":"var(--ast-global-color-5)","background-image":"","background-repeat":"repeat","background-position":"center center","background-size":"auto","background-attachment":"scroll","background-type":"","background-media":"","overlay-type":"","overlay-color":"","overlay-gradient":""},"tablet":{"background-color":"var(--ast-global-color-5)","background-image":"","background-repeat":"repeat","background-position":"center center","background-size":"auto","background-attachment":"scroll","background-type":"","background-media":"","overlay-type":"","overlay-color":"","overlay-gradient":""},"mobile":{"background-color":"var(--ast-global-color-5)","background-image":"","background-repeat":"repeat","background-position":"center center","background-size":"auto","background-attachment":"scroll","background-type":"","background-media":"","overlay-type":"","overlay-color":"","overlay-gradient":""}},"footnotes":""},"_links":{"self":[{"href":"https:\/\/a67885.mguro.sde.dk\/index.php?rest_route=\/wp\/v2\/pages\/23"}],"collection":[{"href":"https:\/\/a67885.mguro.sde.dk\/index.php?rest_route=\/wp\/v2\/pages"}],"about":[{"href":"https:\/\/a67885.mguro.sde.dk\/index.php?rest_route=\/wp\/v2\/types\/page"}],"author":[{"embeddable":true,"href":"https:\/\/a67885.mguro.sde.dk\/index.php?rest_route=\/wp\/v2\/users\/1"}],"replies":[{"embeddable":true,"href":"https:\/\/a67885.mguro.sde.dk\/index.php?rest_route=%2Fwp%2Fv2%2Fcomments&post=23"}],"version-history":[{"count":48,"href":"https:\/\/a67885.mguro.sde.dk\/index.php?rest_route=\/wp\/v2\/pages\/23\/revisions"}],"predecessor-version":[{"id":98,"href":"https:\/\/a67885.mguro.sde.dk\/index.php?rest_route=\/wp\/v2\/pages\/23\/revisions\/98"}],"wp:attachment":[{"href":"https:\/\/a67885.mguro.sde.dk\/index.php?rest_route=%2Fwp%2Fv2%2Fmedia&parent=23"}],"curies":[{"name":"wp","href":"https:\/\/api.w.org\/{rel}","templated":true}]}}